{"id":2869,"date":"2022-07-19T14:04:14","date_gmt":"2022-07-19T12:04:14","guid":{"rendered":"https:\/\/www.christstollen-shop.com\/produkte\/electoral-saxon-christmas-stollen-1000-g-and-electoral-egg-liqueur-700-ml\/"},"modified":"2025-12-07T17:00:15","modified_gmt":"2025-12-07T16:00:15","slug":"kurfuerstlich-saechsischer-christstollen-1000-g-and-kurfuerstlicher-egg-liqueur-700-ml","status":"publish","type":"product","link":"https:\/\/www.christstollen-shop.com\/en\/produkte\/kurfuerstlich-saechsischer-christstollen-1000-g-and-kurfuerstlicher-egg-liqueur-700-ml\/","title":{"rendered":"Kurf\u00fcrstlich S\u00e4chsischer Christstollen \u00ae 1000 g and Kurf\u00fcrstlicher Egg Liqueur 700 ml"},"content":{"rendered":"<p><strong>Kurf\u00fcrstlich S\u00e4chsischer Christstollen \u00ae 1000 g and Kurf\u00fcrstlicher Egg Liqueur 700 ml<\/strong><\/p>\n<p>The Kurf\u00fcrstlich S\u00e4chsische Christstollen \u00ae &#8211; a raisin stollen &#8211; is baked again for the first time according to an old family recipe that has been handed down. The Kurf\u00fcrstlich S\u00e4chsische Christstollen \u00ae keeps at least 16 weeks under optimal storage conditions. Delivery in gift box.<\/p>\n<p><strong>Size: <\/strong>approx. 27 x 16 x 6 cm<\/p>\n<p><strong>Kurf\u00fcrstlicher egg liqueur 700 ml<\/strong><\/p>\n<p>Our Electoral Egg Liqueur is produced according to an old family recipe in Dresden. With real bourbon vanilla and fine marzipan, our eggnog gets its distinctive note. The alcohol content of 18 percent guarantees long shelf life. Thanks to its creamy consistency, our eggnog can be poured directly over desserts or into glasses when chilled. Please shake well before use and store opened in the refrigerator. Shelf life unopened at least 12 months.<\/p>\n<p>&nbsp;<\/p>\n","protected":false},"excerpt":{"rendered":"<p><strong>Kurf\u00fcrstlich S\u00e4chsischer Christstollen \u00ae 1000 g and Kurf\u00fcrstlicher Egg Liqueur 700 ml<br \/>\n<\/strong><\/p>\n<p><strong>Shelf life Stollen: <\/strong>at least 16 weeks with appropriate storage<br \/>\n<strong>Package size: <\/strong>approx. 21 x 15 x 7 cm<br \/>\n<strong>Weight with packing:<\/strong> 3.0 kg<\/p>\n","protected":false},"featured_media":8998,"comment_status":"closed","ping_status":"closed","template":"","meta":[],"product_brand":[],"product_cat":[167,172],"product_tag":[],"class_list":{"0":"post-2869","1":"product","2":"type-product","3":"status-publish","4":"has-post-thumbnail","6":"product_cat-egg-liqueur-set","7":"product_cat-kurfuerst-stollen","9":"first","10":"outofstock","11":"taxable","12":"shipping-taxable","13":"purchasable","14":"product-type-simple"},"_links":{"self":[{"href":"https:\/\/www.christstollen-shop.com\/en\/wp-json\/wp\/v2\/product\/2869","targetHints":{"allow":["GET"]}}],"collection":[{"href":"https:\/\/www.christstollen-shop.com\/en\/wp-json\/wp\/v2\/product"}],"about":[{"href":"https:\/\/www.christstollen-shop.com\/en\/wp-json\/wp\/v2\/types\/product"}],"replies":[{"embeddable":true,"href":"https:\/\/www.christstollen-shop.com\/en\/wp-json\/wp\/v2\/comments?post=2869"}],"wp:featuredmedia":[{"embeddable":true,"href":"https:\/\/www.christstollen-shop.com\/en\/wp-json\/wp\/v2\/media\/8998"}],"wp:attachment":[{"href":"https:\/\/www.christstollen-shop.com\/en\/wp-json\/wp\/v2\/media?parent=2869"}],"wp:term":[{"taxonomy":"product_brand","embeddable":true,"href":"https:\/\/www.christstollen-shop.com\/en\/wp-json\/wp\/v2\/product_brand?post=2869"},{"taxonomy":"product_cat","embeddable":true,"href":"https:\/\/www.christstollen-shop.com\/en\/wp-json\/wp\/v2\/product_cat?post=2869"},{"taxonomy":"product_tag","embeddable":true,"href":"https:\/\/www.christstollen-shop.com\/en\/wp-json\/wp\/v2\/product_tag?post=2869"}],"curies":[{"name":"wp","href":"https:\/\/api.w.org\/{rel}","templated":true}]}}