{"id":3053,"date":"2022-07-15T13:31:14","date_gmt":"2022-07-15T11:31:14","guid":{"rendered":"https:\/\/www.christstollen-shop.com\/produkte\/electoral-saxon-christstollen-1000g-and-electoral-sparkling-wine-rose\/"},"modified":"2024-12-08T12:03:27","modified_gmt":"2024-12-08T11:03:27","slug":"kurfuerstlich-saechsischer-christstollen-1000-g-and-kurfuerst-sparkling-wine-rose","status":"publish","type":"product","link":"https:\/\/www.christstollen-shop.com\/en\/produkte\/kurfuerstlich-saechsischer-christstollen-1000-g-and-kurfuerst-sparkling-wine-rose\/","title":{"rendered":"Kurf\u00fcrstlich S\u00e4chsischer Christstollen\u00ae 1000g and Kurf\u00fcrst sparkling wine ros\u00e9"},"content":{"rendered":"<h5>Gift set &#8211; one Kurf\u00fcrstlich S\u00e4chsischer Christstollen (1000 g) and one bottle of Kurf\u00fcrst Sekt ros\u00e9 (bottle fermentation &#8211; 0,75 l)<\/h5>\n<p>The Kurf\u00fcrstlich S\u00e4chsische Christstollen \u00ae &#8211; a raisin stollen &#8211; is baked again for the first time according to an old family recipe that has been handed down.<\/p>\n<p>The Kurf\u00fcrstlich S\u00e4chsische Christstollen \u00ae keeps at least 16 weeks under optimal storage conditions. Delivery in gift box.<\/p>\n<p><strong>Size: <\/strong>approx. 27 x 16 x 6 cm<\/p>\n<h5>Kurf\u00fcrst &#8211; sparkling wine from the Hofl\u00f6\u00dfnitz wine house in Saxony<\/h5>\n<p><strong>German sparkling wine | ros\u00e9, bottle fermentation<\/strong><\/p>\n<p>Base wines selected with care by the cellar master are refined into high-quality sparkling wine in the bottle fermentation process. This fine fruity, fresh sparkling wine presents itself tangy and elegant for any occasion. Contains sulfites.<\/p>\n<p><strong>Sekt Cuv\u00e9e \u00b7 ros\u00e9 \u00b7 bottle fermentation<\/strong><\/p>\n<p>Grapes from organic, ecological cultivation, Weinhaus Hofl\u00f6\u00dfnitz<\/p>\n<p><strong>Characteristic<\/strong><\/p>\n<p>Fine, persistent mousseux, salmon-pink, full-bodied yet delicate sparkling wine, harmonious, freshly sparkling.<\/p>\n<p>Alcohol: 12.0%vol.<\/p>\n<p>Acidity: 5,8 g\/l<\/p>\n<p>Residual sugar: 21 g\/l<\/p>\n<p>Filling quantity: 750 ml<\/p>\n","protected":false},"excerpt":{"rendered":"<p><strong>Kurf\u00fcrstlich S\u00e4chsischer Christstollen \u00ae 1000 g and Kurf\u00fcrst sparkling wine ros\u00e9<br \/>\n<\/strong><\/p>\n<p><strong>Shelf life:<\/strong> at least 16 weeks with appropriate storage<\/p>\n<p><strong>Package size: <\/strong>approx. 38 x 27 x 11 cm<\/p>\n<p><strong>Weight with packing:<\/strong> 3.6 kg<\/p>\n<p>Sparkling <strong>wine Capacity:<\/strong> 0,75 l<\/p>\n","protected":false},"featured_media":2161,"comment_status":"closed","ping_status":"closed","template":"","meta":[],"product_brand":[],"product_cat":[172,169],"product_tag":[],"class_list":{"0":"post-3053","1":"product","2":"type-product","3":"status-publish","4":"has-post-thumbnail","6":"product_cat-kurfuerst-stollen","7":"product_cat-sparkling-wine","9":"first","10":"outofstock","11":"taxable","12":"shipping-taxable","13":"purchasable","14":"product-type-simple"},"_links":{"self":[{"href":"https:\/\/www.christstollen-shop.com\/en\/wp-json\/wp\/v2\/product\/3053","targetHints":{"allow":["GET"]}}],"collection":[{"href":"https:\/\/www.christstollen-shop.com\/en\/wp-json\/wp\/v2\/product"}],"about":[{"href":"https:\/\/www.christstollen-shop.com\/en\/wp-json\/wp\/v2\/types\/product"}],"replies":[{"embeddable":true,"href":"https:\/\/www.christstollen-shop.com\/en\/wp-json\/wp\/v2\/comments?post=3053"}],"wp:featuredmedia":[{"embeddable":true,"href":"https:\/\/www.christstollen-shop.com\/en\/wp-json\/wp\/v2\/media\/2161"}],"wp:attachment":[{"href":"https:\/\/www.christstollen-shop.com\/en\/wp-json\/wp\/v2\/media?parent=3053"}],"wp:term":[{"taxonomy":"product_brand","embeddable":true,"href":"https:\/\/www.christstollen-shop.com\/en\/wp-json\/wp\/v2\/product_brand?post=3053"},{"taxonomy":"product_cat","embeddable":true,"href":"https:\/\/www.christstollen-shop.com\/en\/wp-json\/wp\/v2\/product_cat?post=3053"},{"taxonomy":"product_tag","embeddable":true,"href":"https:\/\/www.christstollen-shop.com\/en\/wp-json\/wp\/v2\/product_tag?post=3053"}],"curies":[{"name":"wp","href":"https:\/\/api.w.org\/{rel}","templated":true}]}}