{"id":6669,"date":"2023-09-13T11:44:31","date_gmt":"2023-09-13T09:44:31","guid":{"rendered":"https:\/\/www.christstollen-shop.com\/produkte\/original-dresden-christstollen-1000-g-and-kurfuerst-sparkling-wine-rose\/"},"modified":"2025-12-12T18:24:23","modified_gmt":"2025-12-12T17:24:23","slug":"original-dresden-christstollen-1000-g-and-kurfuerst-sekt-rose","status":"publish","type":"product","link":"https:\/\/www.christstollen-shop.com\/en\/produkte\/original-dresden-christstollen-1000-g-and-kurfuerst-sekt-rose\/","title":{"rendered":"Original Dresden Christstollen\u00ae 1000 g and Kurf\u00fcrst sparkling wine ros\u00e9"},"content":{"rendered":"<h5>Gift set &#8211; an original Dresden Christstollen\u00ae (1000 g) and a bottle of Kurf\u00fcrst Sekt ros\u00e9 (bottle fermentation &#8211; 0,75 l) in a wooden box<\/h5>\n<p>The most popular among the stollen is the raisin stollen. High-quality ingredients, including raisins, almonds, candied lemon peel, candied orange peel, butter and a mixture of spices, the composition of which is handled differently by each baker, give the Christmas cookies their excellent taste. The Raisin Stollen will keep for at least 16 weeks in optimal storage conditions.<\/p>\n<p><strong>Size gift set: <\/strong>approx. 37 x 31 x 11 cm<\/p>\n<h5>Kurf\u00fcrst &#8211; sparkling wine from the Hofl\u00f6\u00dfnitz wine house in Saxony<\/h5>\n<p><strong>German sparkling wine | ros\u00e9, bottle fermentation<\/strong><\/p>\n<p>Base wines selected with care by our cellar master are refined into high-quality sparkling wine in the bottle fermentation process. With a fine mousseux, it is sparkling and fresh, convincing with its buoyant lightness and elegant play of pearls. Sparkling wine from organic farming (DE-\u00d6KO-039), contains sulfites.<\/p>\n<p><strong>Sparkling wine cuv\u00e9e ros\u00e9 &#8211; bottle fermentation<\/strong><\/p>\n<p>Grapes from organic, ecological cultivation, Weinhaus Hofl\u00f6\u00dfnitz<\/p>\n<p><strong>Characteristic<\/strong><\/p>\n<p>Fine, persistent mousseux, salmon-pink, full-bodied yet delicate sparkling wine, harmonious, freshly sparkling.<\/p>\n<p>Alcohol: 12.0%vol.<\/p>\n<p>Acidity: 5,8 g\/l<\/p>\n<p>Residual sugar: 21 g\/l<\/p>\n<p>Filling quantity: 750 ml<\/p>\n","protected":false},"excerpt":{"rendered":"<h5>Original Dresdner Christstollen\u00ae<strong>1000 g and Kurf\u00fcrst sparkling wine ros\u00e9 in wooden box<br \/>\n<\/strong><\/h5>\n<p><strong>Shelf life Stollen: <\/strong>at least 16 weeks with appropriate storage<\/p>\n<p><strong>Package size: <\/strong>approx. 38 x 32 x 12 cm<\/p>\n<p><strong>Weight with packing:<\/strong> 5.5 kg<\/p>\n<p>Sparkling <strong>wine Capacity:<\/strong> 0,75 l<\/p>\n","protected":false},"featured_media":6648,"comment_status":"closed","ping_status":"closed","template":"","meta":[],"product_brand":[],"product_cat":[166,178,169],"product_tag":[],"class_list":{"0":"post-6669","1":"product","2":"type-product","3":"status-publish","4":"has-post-thumbnail","6":"product_cat-gift-set","7":"product_cat-raisin-stollen","8":"product_cat-sparkling-wine","10":"first","11":"outofstock","12":"taxable","13":"shipping-taxable","14":"purchasable","15":"product-type-simple"},"_links":{"self":[{"href":"https:\/\/www.christstollen-shop.com\/en\/wp-json\/wp\/v2\/product\/6669","targetHints":{"allow":["GET"]}}],"collection":[{"href":"https:\/\/www.christstollen-shop.com\/en\/wp-json\/wp\/v2\/product"}],"about":[{"href":"https:\/\/www.christstollen-shop.com\/en\/wp-json\/wp\/v2\/types\/product"}],"replies":[{"embeddable":true,"href":"https:\/\/www.christstollen-shop.com\/en\/wp-json\/wp\/v2\/comments?post=6669"}],"wp:featuredmedia":[{"embeddable":true,"href":"https:\/\/www.christstollen-shop.com\/en\/wp-json\/wp\/v2\/media\/6648"}],"wp:attachment":[{"href":"https:\/\/www.christstollen-shop.com\/en\/wp-json\/wp\/v2\/media?parent=6669"}],"wp:term":[{"taxonomy":"product_brand","embeddable":true,"href":"https:\/\/www.christstollen-shop.com\/en\/wp-json\/wp\/v2\/product_brand?post=6669"},{"taxonomy":"product_cat","embeddable":true,"href":"https:\/\/www.christstollen-shop.com\/en\/wp-json\/wp\/v2\/product_cat?post=6669"},{"taxonomy":"product_tag","embeddable":true,"href":"https:\/\/www.christstollen-shop.com\/en\/wp-json\/wp\/v2\/product_tag?post=6669"}],"curies":[{"name":"wp","href":"https:\/\/api.w.org\/{rel}","templated":true}]}}