{"id":7432,"date":"2024-02-16T10:21:05","date_gmt":"2024-02-16T09:21:05","guid":{"rendered":"https:\/\/www.christstollen-shop.com\/produkte\/2018-count-of-schoenborn-riesling\/"},"modified":"2024-02-16T10:29:47","modified_gmt":"2024-02-16T09:29:47","slug":"2018-count-of-schoenborn-riesling","status":"publish","type":"product","link":"https:\/\/www.christstollen-shop.com\/en\/produkte\/2018-count-of-schoenborn-riesling\/","title":{"rendered":"2018 Graf von Sch\u00f6nborn Riesling"},"content":{"rendered":"<p><strong>Dom\u00e4nenweingut Schloss Sch\u00f6nborn Riesling 2018 Rheingau<\/strong><\/p>\n<p>2018<br \/>\nHochheim hell<br \/>\n<strong>Riesling<\/strong><br \/>\nRheingau<br \/>\nDry<br \/>\nGerman quality wine, estate bottling<br \/>\n65347 Hattenheim<br \/>\nA.P.No. 31052-007-19<br \/>\nContains sulfites<br \/>\n750 ml, ALC. 12.5 % VOL<\/p>\n","protected":false},"excerpt":{"rendered":"<p><strong>Dom\u00e4nenweingut Schloss Sch\u00f6nborn Riesling 2018 Rheingau<\/strong><\/p>\n<p><strong>750 ml<\/strong><\/p>\n<p><strong>Package size:<\/strong> approx. 38.5 x 9.5 x 10 cm<br \/>\n<strong>Weight with shipping packaging:<\/strong> 1.6 kg<\/p>\n","protected":false},"featured_media":7435,"comment_status":"closed","ping_status":"closed","template":"","meta":[],"product_brand":[],"product_cat":[220],"product_tag":[],"class_list":{"0":"post-7432","1":"product","2":"type-product","3":"status-publish","4":"has-post-thumbnail","6":"product_cat-easter-wine","8":"first","9":"instock","10":"taxable","11":"shipping-taxable","12":"purchasable","13":"product-type-simple"},"_links":{"self":[{"href":"https:\/\/www.christstollen-shop.com\/en\/wp-json\/wp\/v2\/product\/7432","targetHints":{"allow":["GET"]}}],"collection":[{"href":"https:\/\/www.christstollen-shop.com\/en\/wp-json\/wp\/v2\/product"}],"about":[{"href":"https:\/\/www.christstollen-shop.com\/en\/wp-json\/wp\/v2\/types\/product"}],"replies":[{"embeddable":true,"href":"https:\/\/www.christstollen-shop.com\/en\/wp-json\/wp\/v2\/comments?post=7432"}],"wp:featuredmedia":[{"embeddable":true,"href":"https:\/\/www.christstollen-shop.com\/en\/wp-json\/wp\/v2\/media\/7435"}],"wp:attachment":[{"href":"https:\/\/www.christstollen-shop.com\/en\/wp-json\/wp\/v2\/media?parent=7432"}],"wp:term":[{"taxonomy":"product_brand","embeddable":true,"href":"https:\/\/www.christstollen-shop.com\/en\/wp-json\/wp\/v2\/product_brand?post=7432"},{"taxonomy":"product_cat","embeddable":true,"href":"https:\/\/www.christstollen-shop.com\/en\/wp-json\/wp\/v2\/product_cat?post=7432"},{"taxonomy":"product_tag","embeddable":true,"href":"https:\/\/www.christstollen-shop.com\/en\/wp-json\/wp\/v2\/product_tag?post=7432"}],"curies":[{"name":"wp","href":"https:\/\/api.w.org\/{rel}","templated":true}]}}