{"id":8684,"date":"2025-03-06T12:05:07","date_gmt":"2025-03-06T11:05:07","guid":{"rendered":"https:\/\/www.christstollen-shop.com\/produkte\/saxon-easter-bread-2-x-500g-and-kurfuerst-sparkling-wine-rose\/"},"modified":"2026-03-17T12:12:05","modified_gmt":"2026-03-17T11:12:05","slug":"saxon-easter-bread-2-x-500g-and-kurfuerst-sparkling-wine-rose","status":"publish","type":"product","link":"https:\/\/www.christstollen-shop.com\/en\/produkte\/saxon-easter-bread-2-x-500g-and-kurfuerst-sparkling-wine-rose\/","title":{"rendered":"Saxon Easter bread &#8211; 2 x 500g &#8211; and Kurf\u00fcrst sparkling wine ros\u00e9"},"content":{"rendered":"<p><strong>Gift set &#8211; Easter bread double pack (2 x 500 g) and Kurf\u00fcrst sparkling wine ros\u00e9<\/strong><\/p>\n<p>Packing in an attractive wooden box<\/p>\n<p><strong>Saxon Easter bread<\/strong><\/p>\n<p>Easter bread, also known as Easter pancakes or Lenten breakers in some regions, is a traditional pastry that is a popular gift after Lent.<\/p>\n<p>The dough of the Easter bread is made on the basis of the original Dresdner Christstollen\u00ae dough, only a little lighter, baked without butter &#8211; but with margarine. Meanwhile, for three generations, our Easter bread is made by hand in the family business and is popular and known beyond the region. The Easter bread is cut crosswise before baking. According to tradition, this is associated with the crucifixion of Jesus Christ.<br \/>\nYou too can have our traditional Saxon bakery art delivered directly to your door.<\/p>\n<div>\n<h5>Kurf\u00fcrst &#8211; sparkling wine from the Hofl\u00f6\u00dfnitz wine house in Saxony<\/h5>\n<p><strong>German sparkling wine | ros\u00e9, bottle fermentation<\/strong><\/p>\n<p>Base wines selected with care by the cellar master are refined into high-quality sparkling wine in the bottle fermentation process. This fine fruity, fresh sparkling wine presents itself tangy and elegant for any occasion. Contains sulfites.<\/p>\n<p><strong>Sekt Cuv\u00e9e \u00b7 ros\u00e9 \u00b7 bottle fermentation<\/strong><\/p>\n<p>Grapes from organic, ecological cultivation, Weinhaus Hofl\u00f6\u00dfnitz<\/p>\n<p><strong>Characteristic<\/strong><\/p>\n<p>Fine, persistent mousseux, salmon-pink, full-bodied yet delicate sparkling wine, harmonious, freshly sparkling.<\/p>\n<p>Alcohol: 12.0%vol.<\/p>\n<p>Acidity: 5,8 g\/l<\/p>\n<p>Residual sugar: 21 g\/l<\/p>\n<p>Filling quantity: 750 ml<\/p>\n<\/div>\n","protected":false},"excerpt":{"rendered":"<p><strong>Gift set &#8211; Easter bread double pack (2 x 500 g) and Kurf\u00fcrst sparkling wine ros\u00e9<\/strong><\/p>\n<p><strong>Shelf life of Easter bread: <\/strong>at least 6 weeks with recommended storage between 10 and 18\u00b0C<\/p>\n<p><strong>Both items are offered together in an attractive wooden crate.<\/strong><\/p>\n<p><strong>Shipping weight:<\/strong> 3.6 kg<br \/>\n<strong>Packaging size: <\/strong>approx. 40 x 32 x 12 cm<\/p>\n<p><strong>Sparkling wine Filling quantity:<\/strong> 0.75 l<\/p>\n","protected":false},"featured_media":8581,"comment_status":"closed","ping_status":"closed","template":"","meta":[],"product_brand":[],"product_cat":[121],"product_tag":[],"class_list":{"0":"post-8684","1":"product","2":"type-product","3":"status-publish","4":"has-post-thumbnail","6":"product_cat-easter-bread","8":"first","9":"instock","10":"taxable","11":"shipping-taxable","12":"purchasable","13":"product-type-simple"},"_links":{"self":[{"href":"https:\/\/www.christstollen-shop.com\/en\/wp-json\/wp\/v2\/product\/8684","targetHints":{"allow":["GET"]}}],"collection":[{"href":"https:\/\/www.christstollen-shop.com\/en\/wp-json\/wp\/v2\/product"}],"about":[{"href":"https:\/\/www.christstollen-shop.com\/en\/wp-json\/wp\/v2\/types\/product"}],"replies":[{"embeddable":true,"href":"https:\/\/www.christstollen-shop.com\/en\/wp-json\/wp\/v2\/comments?post=8684"}],"wp:featuredmedia":[{"embeddable":true,"href":"https:\/\/www.christstollen-shop.com\/en\/wp-json\/wp\/v2\/media\/8581"}],"wp:attachment":[{"href":"https:\/\/www.christstollen-shop.com\/en\/wp-json\/wp\/v2\/media?parent=8684"}],"wp:term":[{"taxonomy":"product_brand","embeddable":true,"href":"https:\/\/www.christstollen-shop.com\/en\/wp-json\/wp\/v2\/product_brand?post=8684"},{"taxonomy":"product_cat","embeddable":true,"href":"https:\/\/www.christstollen-shop.com\/en\/wp-json\/wp\/v2\/product_cat?post=8684"},{"taxonomy":"product_tag","embeddable":true,"href":"https:\/\/www.christstollen-shop.com\/en\/wp-json\/wp\/v2\/product_tag?post=8684"}],"curies":[{"name":"wp","href":"https:\/\/api.w.org\/{rel}","templated":true}]}}