{"id":9092,"date":"2025-08-18T11:58:41","date_gmt":"2025-08-18T09:58:41","guid":{"rendered":"https:\/\/www.christstollen-shop.com\/produkte\/2020-pfaffl-heidrom-grand-reserve-cuvee-red\/"},"modified":"2025-12-04T11:21:09","modified_gmt":"2025-12-04T10:21:09","slug":"2020-pfaffl-heidrom-grand-reserve-cuvee-red","status":"publish","type":"product","link":"https:\/\/www.christstollen-shop.com\/en\/produkte\/2020-pfaffl-heidrom-grand-reserve-cuvee-red\/","title":{"rendered":"2014 Nittnaus Blaufr\u00e4nkisch Burgenland"},"content":{"rendered":"<p><strong>Weingut Nittnaus Blaufr\u00e4nkisch trocken Burgenland \u00d6sterreich<\/strong><\/p>\n<p><strong>Shipped in a black gift box with window (39 x 10 x 10 cm).<\/strong><\/p>\n<p>2014<br \/>\nBlaufr\u00e4nkisch trocken &#8211; Kalk und Schiefer<br \/>\n\u00d6sterreichischer Bio-Qualit\u00e4tswein Burgenland<\/p>\n<p>Bottled by Anita und Hans Nittnaus GmbH<br \/>\nA-7122 Gols<br \/>\nContains sulfites<br \/>\n750 ml, ALC. 12.5 % VOL<\/p>\n<p>The grapes for this typical Burgenland Blaufr\u00e4nkisch come from our biodynamically cultivated vineyards characterized by limestone and slate in Jois on the northern edge of Lake Neusiedl. Manual foliage work and harvesting as well as natural vinification result in an individual wine that perfectly expresses its terroir. Delicately fruity, delicately spicy and mineral, yet lively and excitingly long on the palate with a beautiful fruity finish. Enjoy it with pleasure.<\/p>\n","protected":false},"excerpt":{"rendered":"<p><strong>Winery Nittnaus Blaufr\u00e4nkisch dry Burgenland Austria<\/strong><\/p>\n<p><strong>Shipped in a black gift box with window (39 x 10 x 10 cm).<\/strong><\/p>\n<p><strong>Filling quantity: 750 ml<\/strong><\/p>\n","protected":false},"featured_media":9429,"comment_status":"closed","ping_status":"closed","template":"","meta":[],"product_brand":[],"product_cat":[220],"product_tag":[],"class_list":{"0":"post-9092","1":"product","2":"type-product","3":"status-publish","4":"has-post-thumbnail","6":"product_cat-easter-wine","8":"first","9":"instock","10":"taxable","11":"shipping-taxable","12":"purchasable","13":"product-type-simple"},"_links":{"self":[{"href":"https:\/\/www.christstollen-shop.com\/en\/wp-json\/wp\/v2\/product\/9092","targetHints":{"allow":["GET"]}}],"collection":[{"href":"https:\/\/www.christstollen-shop.com\/en\/wp-json\/wp\/v2\/product"}],"about":[{"href":"https:\/\/www.christstollen-shop.com\/en\/wp-json\/wp\/v2\/types\/product"}],"replies":[{"embeddable":true,"href":"https:\/\/www.christstollen-shop.com\/en\/wp-json\/wp\/v2\/comments?post=9092"}],"wp:featuredmedia":[{"embeddable":true,"href":"https:\/\/www.christstollen-shop.com\/en\/wp-json\/wp\/v2\/media\/9429"}],"wp:attachment":[{"href":"https:\/\/www.christstollen-shop.com\/en\/wp-json\/wp\/v2\/media?parent=9092"}],"wp:term":[{"taxonomy":"product_brand","embeddable":true,"href":"https:\/\/www.christstollen-shop.com\/en\/wp-json\/wp\/v2\/product_brand?post=9092"},{"taxonomy":"product_cat","embeddable":true,"href":"https:\/\/www.christstollen-shop.com\/en\/wp-json\/wp\/v2\/product_cat?post=9092"},{"taxonomy":"product_tag","embeddable":true,"href":"https:\/\/www.christstollen-shop.com\/en\/wp-json\/wp\/v2\/product_tag?post=9092"}],"curies":[{"name":"wp","href":"https:\/\/api.w.org\/{rel}","templated":true}]}}